{"id":32575,"date":"2023-08-22T14:18:29","date_gmt":"2023-08-22T12:18:29","guid":{"rendered":"https:\/\/colinguarsi.com\/about-us\/"},"modified":"2025-08-12T20:01:50","modified_gmt":"2025-08-12T18:01:50","slug":"about-us","status":"publish","type":"page","link":"https:\/\/colinguarsi.com\/en\/about-us\/","title":{"rendered":"About us"},"content":{"rendered":"<p>[et_pb_section fb_built=&#8221;1&#8243; fullwidth=&#8221;on&#8221; next_background_color=&#8221;#0DCEDA&#8221; _builder_version=&#8221;4.16&#8243; bottom_divider_style=&#8221;slant&#8221; bottom_divider_flip=&#8221;horizontal&#8221; global_colors_info=&#8221;{}&#8221;][et_pb_fullwidth_header title=&#8221;ColinguaRSI&#8221; subhead=&#8221;About our online interpreting agency&#8221; text_orientation=&#8221;center&#8221; background_overlay_color=&#8221;rgba(52,81,104,0.8)&#8221; _builder_version=&#8221;4.22.1&#8243; title_font=&#8221;Lato|700|||||||&#8221; title_font_size=&#8221;46px&#8221; title_line_height=&#8221;1.5em&#8221; content_font=&#8221;Lato||||||||&#8221; content_font_size=&#8221;20px&#8221; content_line_height=&#8221;1.8em&#8221; subhead_font=&#8221;Lato|700|||||||&#8221; subhead_font_size=&#8221;25px&#8221; subhead_line_height=&#8221;1.5em&#8221; background_color=&#8221;#afafaf&#8221; background_image=&#8221;https:\/\/colinguarsi.com\/wp-content\/uploads\/2023\/08\/AdobeStoc-2023-08-25.png&#8221; parallax=&#8221;on&#8221; custom_margin=&#8221;|||&#8221; custom_padding=&#8221;5vw||150px||false&#8221; animation_style=&#8221;slide&#8221; animation_direction=&#8221;top&#8221; animation_intensity_slide=&#8221;2%&#8221; title_font_size_tablet=&#8221;36px&#8221; title_font_size_phone=&#8221;&#8221; title_font_size_last_edited=&#8221;on|phone&#8221; global_colors_info=&#8221;{}&#8221; button_one_text_size__hover_enabled=&#8221;off&#8221; button_two_text_size__hover_enabled=&#8221;off&#8221; button_one_text_color__hover_enabled=&#8221;off&#8221; button_two_text_color__hover_enabled=&#8221;off&#8221; button_one_border_width__hover_enabled=&#8221;off&#8221; button_two_border_width__hover_enabled=&#8221;off&#8221; button_one_border_color__hover_enabled=&#8221;off&#8221; button_two_border_color__hover_enabled=&#8221;off&#8221; button_one_border_radius__hover_enabled=&#8221;off&#8221; button_two_border_radius__hover_enabled=&#8221;off&#8221; button_one_letter_spacing__hover_enabled=&#8221;off&#8221; button_two_letter_spacing__hover_enabled=&#8221;off&#8221; button_one_bg_color__hover_enabled=&#8221;off&#8221; button_two_bg_color__hover_enabled=&#8221;off&#8221;]<\/p>\n<p>ColinguaRSI offers online simultaneous interpreting<\/p>\n<p>services \u00a0with videoconferencing tools <br \/>such as Zoom and WebEx, or through the use of <br \/>specialized interpretation platforms.<\/p>\n<p>[\/et_pb_fullwidth_header][\/et_pb_section][et_pb_section fb_built=&#8221;1&#8243; next_background_color=&#8221;#000000&#8243; admin_label=&#8221;Services&#8221; _builder_version=&#8221;4.22.1&#8243; background_color=&#8221;#0DCEDA&#8221; custom_padding=&#8221;0|0px|0|0px|true|false&#8221; bottom_divider_style=&#8221;slant&#8221; bottom_divider_flip=&#8221;horizontal&#8221; bottom_divider_arrangement=&#8221;above_content&#8221; global_colors_info=&#8221;{}&#8221;][\/et_pb_section][et_pb_section fb_built=&#8221;1&#8243; next_background_color=&#8221;#e2e2e2&#8243; admin_label=&#8221;Services&#8221; _builder_version=&#8221;4.22.1&#8243; background_color=&#8221;#0DCEDA&#8221; custom_padding=&#8221;0|0px|0|0px|true|false&#8221; bottom_divider_style=&#8221;slant&#8221; bottom_divider_flip=&#8221;horizontal&#8221; bottom_divider_arrangement=&#8221;above_content&#8221; global_colors_info=&#8221;{}&#8221;][\/et_pb_section][et_pb_section fb_built=&#8221;1&#8243; custom_padding_last_edited=&#8221;on|phone&#8221; admin_label=&#8221;Blank Section &#8211; Image Background&#8221; _builder_version=&#8221;4.22.1&#8243; background_color=&#8221;#e2e2e2&#8243; use_background_color_gradient=&#8221;on&#8221; background_color_gradient_stops=&#8221;#e2e2e2 0%|rgba(255,255,255,0) 30%&#8221; background_color_gradient_overlays_image=&#8221;on&#8221; background_color_gradient_start=&#8221;#e2e2e2&#8243; background_color_gradient_end=&#8221;rgba(255,255,255,0)&#8221; background_color_gradient_end_position=&#8221;30%&#8221; background_image=&#8221;https:\/\/colinguarsi.com\/wp-content\/uploads\/2023\/08\/INT-Image10EN-Interpretation-336639425-1.jpeg&#8221; custom_padding=&#8221;20%||20%||true|false&#8221; custom_padding_tablet=&#8221;260px||260px||true&#8221; custom_padding_phone=&#8221;100px|||&#8221; top_divider_flip=&#8221;horizontal&#8221; bottom_divider_style=&#8221;slant&#8221; bottom_divider_color=&#8221;#f5f5f5&#8243; bottom_divider_flip=&#8221;horizontal&#8221; global_colors_info=&#8221;{}&#8221;][\/et_pb_section][et_pb_section fb_built=&#8221;1&#8243; next_background_color=&#8221;#000000&#8243; admin_label=&#8221;About&#8221; _builder_version=&#8221;4.16&#8243; background_color=&#8221;#f5f5f5&#8243; custom_margin=&#8221;|||&#8221; custom_padding=&#8221;0px||150px||false&#8221; bottom_divider_style=&#8221;slant&#8221; bottom_divider_flip=&#8221;horizontal&#8221; global_colors_info=&#8221;{}&#8221;][et_pb_row column_structure=&#8221;1_2,1_2&#8243; _builder_version=&#8221;4.16&#8243; custom_margin=&#8221;|||&#8221; custom_padding=&#8221;0px||0px||true&#8221; global_colors_info=&#8221;{}&#8221;][et_pb_column type=&#8221;1_2&#8243; _builder_version=&#8221;4.16&#8243; custom_padding=&#8221;|||&#8221; global_colors_info=&#8221;{}&#8221; custom_padding__hover=&#8221;|||&#8221;][et_pb_cta title=&#8221;The genesis&#8221; button_url=&#8221;#&#8221; admin_label=&#8221;About Me&#8221; _builder_version=&#8221;4.22.1&#8243; header_font=&#8221;Lato|700|||||||&#8221; header_font_size=&#8221;30px&#8221; header_letter_spacing=&#8221;1px&#8221; header_line_height=&#8221;1.5em&#8221; body_font=&#8221;Lato||||||||&#8221; body_font_size=&#8221;18px&#8221; body_line_height=&#8221;1.8em&#8221; background_color=&#8221;#ffffff&#8221; custom_button=&#8221;on&#8221; button_text_size=&#8221;14px&#8221; button_text_color=&#8221;#ffffff&#8221; button_bg_color=&#8221;#ffb356&#8243; button_border_width=&#8221;12px&#8221; button_border_color=&#8221;#ffb356&#8243; button_border_radius=&#8221;50px&#8221; button_letter_spacing=&#8221;2px&#8221; button_font=&#8221;Lato|900||on|||||&#8221; button_icon=&#8221;&#x24;||divi||400&#8243; text_orientation=&#8221;left&#8221; background_layout=&#8221;light&#8221; custom_margin=&#8221;-30%|||&#8221; custom_padding=&#8221;60px|10%|60px|10%|true|true&#8221; animation_style=&#8221;slide&#8221; animation_direction=&#8221;bottom&#8221; animation_intensity_slide=&#8221;5%&#8221; header_font_size_tablet=&#8221;&#8221; header_font_size_phone=&#8221;22px&#8221; header_font_size_last_edited=&#8221;on|phone&#8221; global_colors_info=&#8221;{}&#8221; button_text_size__hover_enabled=&#8221;off&#8221; button_one_text_size__hover_enabled=&#8221;off&#8221; button_two_text_size__hover_enabled=&#8221;off&#8221; button_text_color__hover_enabled=&#8221;off&#8221; button_one_text_color__hover_enabled=&#8221;off&#8221; button_two_text_color__hover_enabled=&#8221;off&#8221; button_border_width__hover_enabled=&#8221;off&#8221; button_one_border_width__hover_enabled=&#8221;off&#8221; button_two_border_width__hover_enabled=&#8221;off&#8221; button_border_color__hover_enabled=&#8221;off&#8221; button_one_border_color__hover_enabled=&#8221;off&#8221; button_two_border_color__hover_enabled=&#8221;off&#8221; button_border_radius__hover_enabled=&#8221;off&#8221; button_one_border_radius__hover_enabled=&#8221;off&#8221; button_two_border_radius__hover_enabled=&#8221;off&#8221; button_letter_spacing__hover_enabled=&#8221;off&#8221; button_one_letter_spacing__hover_enabled=&#8221;off&#8221; button_two_letter_spacing__hover_enabled=&#8221;off&#8221; button_bg_color__hover_enabled=&#8221;off&#8221; button_one_bg_color__hover_enabled=&#8221;off&#8221; button_two_bg_color__hover_enabled=&#8221;off&#8221;]<\/p>\n<p><span data-metadata=\"&lt;encoded_tag_open \/&gt;!--(figmeta)eyJmaWxlS2V5IjoiQnJFaFFuZTVZVjRwMGkxelZEUkJSNCIsInBhc3RlSUQiOjk1OTExODAxNSwiZGF0YVR5cGUiOiJzY2VuZSJ9Cg==(\/figmeta)--&lt;encoded_tag_closed \/&gt;\" style=\"font-style: normal; font-variant-caps: normal; font-weight: 400; letter-spacing: normal; orphans: auto; text-align: start; text-indent: 0px; text-transform: none; white-space: normal; widows: auto; word-spacing: 0px; -webkit-text-stroke-width: 0px; text-decoration: none; caret-color: #000000; color: #000000;\"><\/span>Our <strong>online interpreting agency<\/strong> is a spin-off of <span> <\/span><a href=\"https:\/\/www.colingua.be\" target=\"_blank\" rel=\"noopener\">Colingua Translations<\/a>, a <strong>translation company<\/strong> located near the European institutions in <strong>Brussels<\/strong> and renowned for the quality of its <strong>translation and interpreting<\/strong> services.<\/p>\n<p>ColinguaRSI was founded in 2020 to meet the growing demand from our clients to maintain their online activities despite the constraints of global pandemic.<\/p>\n<p>ColinguaRSI was able to leverage Colingua&#8217;s 20 years of experience in the <strong>conference interpreting<\/strong> sector to enter the world of <strong>virtual conferences and\u00a0<\/strong><b>webinars<\/b>.<\/p>\n<p>At ColinguaRSI, our priority is <strong>human interpretation<\/strong>. We don&#8217;t offer <strong>Artificial Intelligence (AI) interpreting<\/strong>, because we believe that AI should support humans, not replace them. This ethical issue is at the heart of our approach to society. We believe in people, and this is reflected in a whole series of CSR actions, such as our participation in the 24h V\u00e9lo du T\u00e9l\u00e9vise contre le cancer in collaboration with the University of Li\u00e8ge. Our agency also sponsors athletes (youth teams in basketball, cycling and field hockey) and disabled athletes (basketball and athletics).<\/p>\n<p>[\/et_pb_cta][\/et_pb_column][et_pb_column type=&#8221;1_2&#8243; _builder_version=&#8221;4.16&#8243; custom_padding=&#8221;|||&#8221; global_colors_info=&#8221;{}&#8221; custom_padding__hover=&#8221;|||&#8221;][et_pb_text admin_label=&#8221;Title&#8221; _builder_version=&#8221;4.22.1&#8243; text_font=&#8221;Lato||||||||&#8221; text_font_size=&#8221;18px&#8221; text_line_height=&#8221;1.8em&#8221; link_font=&#8221;||||||||&#8221; ul_font=&#8221;||||||||&#8221; ol_font=&#8221;||||||||&#8221; quote_font=&#8221;||||||||&#8221; header_font=&#8221;||||||||&#8221; header_2_font=&#8221;Lato|700|||||||&#8221; header_2_font_size=&#8221;30px&#8221; header_2_letter_spacing=&#8221;1px&#8221; header_2_line_height=&#8221;1.5em&#8221; header_3_font=&#8221;||||||||&#8221; header_4_font=&#8221;||||||||&#8221; header_5_font=&#8221;||||||||&#8221; header_6_font=&#8221;Lato|700|||||||&#8221; header_6_font_size=&#8221;18px&#8221; header_6_letter_spacing=&#8221;1px&#8221; header_6_line_height=&#8221;1.8em&#8221; header_2_font_size_tablet=&#8221;&#8221; header_2_font_size_phone=&#8221;22px&#8221; header_2_font_size_last_edited=&#8221;on|phone&#8221; locked=&#8221;off&#8221; global_colors_info=&#8221;{}&#8221;]<\/p>\n<h2>What sets us apart<\/h2>\n<p>[\/et_pb_text][et_pb_testimonial quote_icon=&#8221;off&#8221; _builder_version=&#8221;4.16&#8243; body_font=&#8221;Lato||on||||||&#8221; body_font_size=&#8221;18px&#8221; body_line_height=&#8221;1.8em&#8221; background_color=&#8221;#ffffff&#8221; animation_style=&#8221;slide&#8221; animation_direction=&#8221;bottom&#8221; animation_intensity_slide=&#8221;10%&#8221; locked=&#8221;off&#8221; global_colors_info=&#8221;{}&#8221;]<\/p>\n<p>Our <strong>team is made up exclusively of interpreters<\/strong> specialized in videoconferencing with simultaneous translation in several languages.<\/p>\n<p>[\/et_pb_testimonial][et_pb_testimonial quote_icon=&#8221;off&#8221; _builder_version=&#8221;4.16&#8243; body_font=&#8221;Lato||on||||||&#8221; body_font_size=&#8221;18px&#8221; body_line_height=&#8221;1.8em&#8221; background_color=&#8221;#ffffff&#8221; animation_style=&#8221;slide&#8221; animation_direction=&#8221;bottom&#8221; animation_intensity_slide=&#8221;10%&#8221; locked=&#8221;off&#8221; global_colors_info=&#8221;{}&#8221;]<\/p>\n<p>With <strong>200+ online events<\/strong> every year since 2020, our <strong>consultant interpreters<\/strong> will guide you to optimize the organization of your <strong>webinar with simultaneous translation<\/strong>.<\/p>\n<p>[\/et_pb_testimonial][et_pb_testimonial quote_icon=&#8221;off&#8221; _builder_version=&#8221;4.16&#8243; body_font=&#8221;Lato||on||||||&#8221; body_font_size=&#8221;18px&#8221; body_line_height=&#8221;1.8em&#8221; background_color=&#8221;#ffffff&#8221; animation_style=&#8221;slide&#8221; animation_direction=&#8221;bottom&#8221; animation_intensity_slide=&#8221;10%&#8221; locked=&#8221;off&#8221; global_colors_info=&#8221;{}&#8221;]<\/p>\n<p><i>Our size is an asset.<\/i> <i>Our <\/i><b><i><strong>interpreting agency<\/strong><\/i><\/b> is<i> neither too big nor too small.<\/i> <i>Our interpreters will take the time to listen to you and understand the specific needs of <\/i><b><i><strong>your Internet meeting in several languages<\/strong><\/i><\/b><i>.<\/i><\/p>\n<p>[\/et_pb_testimonial][et_pb_testimonial quote_icon=&#8221;off&#8221; _builder_version=&#8221;4.16&#8243; body_font=&#8221;Lato||on||||||&#8221; body_font_size=&#8221;18px&#8221; body_line_height=&#8221;1.8em&#8221; background_color=&#8221;#ffffff&#8221; animation_style=&#8221;slide&#8221; animation_direction=&#8221;bottom&#8221; animation_intensity_slide=&#8221;10%&#8221; locked=&#8221;off&#8221; global_colors_info=&#8221;{}&#8221;]<\/p>\n<p><i>The <\/i><b><i><strong>experience of our online interpreters<\/strong><\/i><\/b><i> is a major asset.<\/i> <i>Our teams regularly translate for <\/i><a href=\"https:\/\/colinguarsi.com\/en\/simultaneous-translation-on-zoom-of-the-board-of-directors\/\"><i>NGOs<\/i><\/a><i>, <\/i><a href=\"https:\/\/colinguarsi.com\/en\/on-line-interpreting-for-innoviris\/\"><i>institutions<\/i><\/a><i>, <\/i><a href=\"https:\/\/colinguarsi.com\/en\/zoom-interpreting-for-iom-maximizing-the-diaspora\/\"><i>UN agencies<\/i><\/a><i>, <\/i><a href=\"https:\/\/colinguarsi.com\/en\/simultaneous-translation-on-zoom-for-europan-europe\/\"><i>expert groups<\/i><\/a><i>, multinationals and global sporting events.<\/i> <i>We&#8217;re not afraid of a challenge.<\/i><\/p>\n<p>[\/et_pb_testimonial][\/et_pb_column][\/et_pb_row][\/et_pb_section]<\/p>\n","protected":false},"excerpt":{"rendered":"<p>ColinguaRSI offers online simultaneous interpreting services \u00a0with videoconferencing tools such as Zoom and WebEx, or through the use of specialized interpretation platforms.Our online interpreting agency is a spin-off of Colingua Translations, a translation company located near the European institutions in Brussels and renowned for the quality of its translation and interpreting services. ColinguaRSI was founded [&hellip;]<\/p>\n","protected":false},"author":1,"featured_media":33016,"parent":0,"menu_order":0,"comment_status":"closed","ping_status":"closed","template":"","meta":{"_et_pb_use_builder":"on","_et_pb_old_content":"","_et_gb_content_width":"","footnotes":""},"class_list":["post-32575","page","type-page","status-publish","has-post-thumbnail","hentry"],"yoast_head":"<!-- This site is optimized with the Yoast SEO plugin v27.5 - https:\/\/yoast.com\/product\/yoast-seo-wordpress\/ -->\n<title>About us - ColinguaRSI<\/title>\n<meta name=\"robots\" content=\"index, follow, max-snippet:-1, max-image-preview:large, max-video-preview:-1\" \/>\n<link rel=\"canonical\" href=\"https:\/\/colinguarsi.com\/en\/about-us\/\" \/>\n<meta property=\"og:locale\" content=\"en_US\" \/>\n<meta property=\"og:type\" content=\"article\" \/>\n<meta property=\"og:title\" content=\"About us - ColinguaRSI\" \/>\n<meta property=\"og:description\" content=\"ColinguaRSI offers online simultaneous interpreting services \u00a0with videoconferencing tools such as Zoom and WebEx, or through the use of specialized interpretation platforms.Our online interpreting agency is a spin-off of Colingua Translations, a translation company located near the European institutions in Brussels and renowned for the quality of its translation and interpreting services. ColinguaRSI was founded [&hellip;]\" \/>\n<meta property=\"og:url\" content=\"https:\/\/colinguarsi.com\/en\/about-us\/\" \/>\n<meta property=\"og:site_name\" content=\"ColinguaRSI\" \/>\n<meta property=\"article:modified_time\" content=\"2025-08-12T18:01:50+00:00\" \/>\n<meta property=\"og:image\" content=\"https:\/\/colinguarsi.com\/wp-content\/uploads\/2023\/09\/Logo-ColinguaRSI-speaker.png\" \/>\n\t<meta property=\"og:image:width\" content=\"182\" \/>\n\t<meta property=\"og:image:height\" content=\"208\" \/>\n\t<meta property=\"og:image:type\" content=\"image\/png\" \/>\n<meta name=\"twitter:card\" content=\"summary_large_image\" \/>\n<meta name=\"twitter:label1\" content=\"Est. reading time\" \/>\n\t<meta name=\"twitter:data1\" content=\"7 minutes\" \/>\n<script type=\"application\/ld+json\" class=\"yoast-schema-graph\">{\"@context\":\"https:\\\/\\\/schema.org\",\"@graph\":[{\"@type\":\"WebPage\",\"@id\":\"https:\\\/\\\/colinguarsi.com\\\/en\\\/about-us\\\/\",\"url\":\"https:\\\/\\\/colinguarsi.com\\\/en\\\/about-us\\\/\",\"name\":\"About us - ColinguaRSI\",\"isPartOf\":{\"@id\":\"https:\\\/\\\/colinguarsi.com\\\/en\\\/#website\"},\"primaryImageOfPage\":{\"@id\":\"https:\\\/\\\/colinguarsi.com\\\/en\\\/about-us\\\/#primaryimage\"},\"image\":{\"@id\":\"https:\\\/\\\/colinguarsi.com\\\/en\\\/about-us\\\/#primaryimage\"},\"thumbnailUrl\":\"https:\\\/\\\/colinguarsi.com\\\/wp-content\\\/uploads\\\/2023\\\/09\\\/Logo-ColinguaRSI-speaker.png\",\"datePublished\":\"2023-08-22T12:18:29+00:00\",\"dateModified\":\"2025-08-12T18:01:50+00:00\",\"breadcrumb\":{\"@id\":\"https:\\\/\\\/colinguarsi.com\\\/en\\\/about-us\\\/#breadcrumb\"},\"inLanguage\":\"en-US\",\"potentialAction\":[{\"@type\":\"ReadAction\",\"target\":[\"https:\\\/\\\/colinguarsi.com\\\/en\\\/about-us\\\/\"]}]},{\"@type\":\"ImageObject\",\"inLanguage\":\"en-US\",\"@id\":\"https:\\\/\\\/colinguarsi.com\\\/en\\\/about-us\\\/#primaryimage\",\"url\":\"https:\\\/\\\/colinguarsi.com\\\/wp-content\\\/uploads\\\/2023\\\/09\\\/Logo-ColinguaRSI-speaker.png\",\"contentUrl\":\"https:\\\/\\\/colinguarsi.com\\\/wp-content\\\/uploads\\\/2023\\\/09\\\/Logo-ColinguaRSI-speaker.png\",\"width\":182,\"height\":208},{\"@type\":\"BreadcrumbList\",\"@id\":\"https:\\\/\\\/colinguarsi.com\\\/en\\\/about-us\\\/#breadcrumb\",\"itemListElement\":[{\"@type\":\"ListItem\",\"position\":1,\"name\":\"Home\",\"item\":\"https:\\\/\\\/colinguarsi.com\\\/en\\\/\"},{\"@type\":\"ListItem\",\"position\":2,\"name\":\"About us\"}]},{\"@type\":\"WebSite\",\"@id\":\"https:\\\/\\\/colinguarsi.com\\\/en\\\/#website\",\"url\":\"https:\\\/\\\/colinguarsi.com\\\/en\\\/\",\"name\":\"ColinguaRSI\",\"description\":\"Votre agence d&#039;interpr\u00e8tes en ligne\",\"potentialAction\":[{\"@type\":\"SearchAction\",\"target\":{\"@type\":\"EntryPoint\",\"urlTemplate\":\"https:\\\/\\\/colinguarsi.com\\\/en\\\/?s={search_term_string}\"},\"query-input\":{\"@type\":\"PropertyValueSpecification\",\"valueRequired\":true,\"valueName\":\"search_term_string\"}}],\"inLanguage\":\"en-US\"}]}<\/script>\n<!-- \/ Yoast SEO plugin. -->","yoast_head_json":{"title":"About us - ColinguaRSI","robots":{"index":"index","follow":"follow","max-snippet":"max-snippet:-1","max-image-preview":"max-image-preview:large","max-video-preview":"max-video-preview:-1"},"canonical":"https:\/\/colinguarsi.com\/en\/about-us\/","og_locale":"en_US","og_type":"article","og_title":"About us - ColinguaRSI","og_description":"ColinguaRSI offers online simultaneous interpreting services \u00a0with videoconferencing tools such as Zoom and WebEx, or through the use of specialized interpretation platforms.Our online interpreting agency is a spin-off of Colingua Translations, a translation company located near the European institutions in Brussels and renowned for the quality of its translation and interpreting services. ColinguaRSI was founded [&hellip;]","og_url":"https:\/\/colinguarsi.com\/en\/about-us\/","og_site_name":"ColinguaRSI","article_modified_time":"2025-08-12T18:01:50+00:00","og_image":[{"width":182,"height":208,"url":"https:\/\/colinguarsi.com\/wp-content\/uploads\/2023\/09\/Logo-ColinguaRSI-speaker.png","type":"image\/png"}],"twitter_card":"summary_large_image","twitter_misc":{"Est. reading time":"7 minutes"},"schema":{"@context":"https:\/\/schema.org","@graph":[{"@type":"WebPage","@id":"https:\/\/colinguarsi.com\/en\/about-us\/","url":"https:\/\/colinguarsi.com\/en\/about-us\/","name":"About us - ColinguaRSI","isPartOf":{"@id":"https:\/\/colinguarsi.com\/en\/#website"},"primaryImageOfPage":{"@id":"https:\/\/colinguarsi.com\/en\/about-us\/#primaryimage"},"image":{"@id":"https:\/\/colinguarsi.com\/en\/about-us\/#primaryimage"},"thumbnailUrl":"https:\/\/colinguarsi.com\/wp-content\/uploads\/2023\/09\/Logo-ColinguaRSI-speaker.png","datePublished":"2023-08-22T12:18:29+00:00","dateModified":"2025-08-12T18:01:50+00:00","breadcrumb":{"@id":"https:\/\/colinguarsi.com\/en\/about-us\/#breadcrumb"},"inLanguage":"en-US","potentialAction":[{"@type":"ReadAction","target":["https:\/\/colinguarsi.com\/en\/about-us\/"]}]},{"@type":"ImageObject","inLanguage":"en-US","@id":"https:\/\/colinguarsi.com\/en\/about-us\/#primaryimage","url":"https:\/\/colinguarsi.com\/wp-content\/uploads\/2023\/09\/Logo-ColinguaRSI-speaker.png","contentUrl":"https:\/\/colinguarsi.com\/wp-content\/uploads\/2023\/09\/Logo-ColinguaRSI-speaker.png","width":182,"height":208},{"@type":"BreadcrumbList","@id":"https:\/\/colinguarsi.com\/en\/about-us\/#breadcrumb","itemListElement":[{"@type":"ListItem","position":1,"name":"Home","item":"https:\/\/colinguarsi.com\/en\/"},{"@type":"ListItem","position":2,"name":"About us"}]},{"@type":"WebSite","@id":"https:\/\/colinguarsi.com\/en\/#website","url":"https:\/\/colinguarsi.com\/en\/","name":"ColinguaRSI","description":"Votre agence d&#039;interpr\u00e8tes en ligne","potentialAction":[{"@type":"SearchAction","target":{"@type":"EntryPoint","urlTemplate":"https:\/\/colinguarsi.com\/en\/?s={search_term_string}"},"query-input":{"@type":"PropertyValueSpecification","valueRequired":true,"valueName":"search_term_string"}}],"inLanguage":"en-US"}]}},"_links":{"self":[{"href":"https:\/\/colinguarsi.com\/en\/wp-json\/wp\/v2\/pages\/32575","targetHints":{"allow":["GET"]}}],"collection":[{"href":"https:\/\/colinguarsi.com\/en\/wp-json\/wp\/v2\/pages"}],"about":[{"href":"https:\/\/colinguarsi.com\/en\/wp-json\/wp\/v2\/types\/page"}],"author":[{"embeddable":true,"href":"https:\/\/colinguarsi.com\/en\/wp-json\/wp\/v2\/users\/1"}],"replies":[{"embeddable":true,"href":"https:\/\/colinguarsi.com\/en\/wp-json\/wp\/v2\/comments?post=32575"}],"version-history":[{"count":16,"href":"https:\/\/colinguarsi.com\/en\/wp-json\/wp\/v2\/pages\/32575\/revisions"}],"predecessor-version":[{"id":33741,"href":"https:\/\/colinguarsi.com\/en\/wp-json\/wp\/v2\/pages\/32575\/revisions\/33741"}],"wp:featuredmedia":[{"embeddable":true,"href":"https:\/\/colinguarsi.com\/en\/wp-json\/wp\/v2\/media\/33016"}],"wp:attachment":[{"href":"https:\/\/colinguarsi.com\/en\/wp-json\/wp\/v2\/media?parent=32575"}],"curies":[{"name":"wp","href":"https:\/\/api.w.org\/{rel}","templated":true}]}}